{"id":4162,"date":"2023-09-12T16:10:03","date_gmt":"2023-09-12T20:10:03","guid":{"rendered":"https:\/\/syri-stainless.com\/?page_id=4162"},"modified":"2025-09-04T09:00:51","modified_gmt":"2025-09-04T13:00:51","slug":"blogue","status":"publish","type":"page","link":"https:\/\/www.syri-stainless.com\/fr\/blogue\/","title":{"rendered":"Blogue"},"content":{"rendered":"\t\t<div data-elementor-type=\"wp-page\" data-elementor-id=\"4162\" class=\"elementor elementor-4162\" data-elementor-post-type=\"page\">\n\t\t\t\t\t\t<section class=\"elementor-section elementor-top-section elementor-element elementor-element-89454bf elementor-section-boxed elementor-section-height-default elementor-section-height-default\" data-id=\"89454bf\" data-element_type=\"section\">\n\t\t\t\t\t\t<div class=\"elementor-container elementor-column-gap-default\">\n\t\t\t\t\t<div class=\"elementor-column elementor-col-100 elementor-top-column elementor-element elementor-element-77bb700\" data-id=\"77bb700\" data-element_type=\"column\">\n\t\t\t<div class=\"elementor-widget-wrap elementor-element-populated\">\n\t\t\t\t\t\t<div class=\"elementor-element elementor-element-1ea6b63 elementor-widget elementor-widget-heading\" data-id=\"1ea6b63\" data-element_type=\"widget\" data-widget_type=\"heading.default\">\n\t\t\t\t<div class=\"elementor-widget-container\">\n\t\t\t\t\t<h2 class=\"elementor-heading-title elementor-size-default\">Blogue<\/h2>\t\t\t\t<\/div>\n\t\t\t\t<\/div>\n\t\t\t\t<div class=\"elementor-element elementor-element-1401ff7 elementor-grid-3 elementor-grid-tablet-2 elementor-grid-mobile-1 elementor-posts--thumbnail-top elementor-widget elementor-widget-posts\" data-id=\"1401ff7\" data-element_type=\"widget\" data-settings=\"{&quot;classic_masonry&quot;:&quot;yes&quot;,&quot;pagination_type&quot;:&quot;numbers&quot;,&quot;classic_columns&quot;:&quot;3&quot;,&quot;classic_columns_tablet&quot;:&quot;2&quot;,&quot;classic_columns_mobile&quot;:&quot;1&quot;,&quot;classic_row_gap&quot;:{&quot;unit&quot;:&quot;px&quot;,&quot;size&quot;:35,&quot;sizes&quot;:[]},&quot;classic_row_gap_tablet&quot;:{&quot;unit&quot;:&quot;px&quot;,&quot;size&quot;:&quot;&quot;,&quot;sizes&quot;:[]},&quot;classic_row_gap_mobile&quot;:{&quot;unit&quot;:&quot;px&quot;,&quot;size&quot;:&quot;&quot;,&quot;sizes&quot;:[]}}\" data-widget_type=\"posts.classic\">\n\t\t\t\t<div class=\"elementor-widget-container\">\n\t\t\t\t\t\t\t<div class=\"elementor-posts-container elementor-posts elementor-posts--skin-classic elementor-grid\" role=\"list\">\n\t\t\t\t<article class=\"elementor-post elementor-grid-item post-4584 post type-post status-publish format-standard has-post-thumbnail hentry category-non-classifiee\" role=\"listitem\">\n\t\t\t\t<a class=\"elementor-post__thumbnail__link\" href=\"https:\/\/www.syri-stainless.com\/fr\/saviez-vous-que-tuyau\/\" tabindex=\"-1\" >\n\t\t\t<div class=\"elementor-post__thumbnail\"><img fetchpriority=\"high\" decoding=\"async\" width=\"300\" height=\"200\" src=\"https:\/\/www.syri-stainless.com\/wp-content\/uploads\/2025\/12\/Ville-de-Mont-Royal-10-300x200.jpg\" class=\"attachment-medium size-medium wp-image-4588\" alt=\"\" srcset=\"https:\/\/www.syri-stainless.com\/wp-content\/uploads\/2025\/12\/Ville-de-Mont-Royal-10-300x200.jpg 300w, https:\/\/www.syri-stainless.com\/wp-content\/uploads\/2025\/12\/Ville-de-Mont-Royal-10-1024x683.jpg 1024w, https:\/\/www.syri-stainless.com\/wp-content\/uploads\/2025\/12\/Ville-de-Mont-Royal-10-768x512.jpg 768w, https:\/\/www.syri-stainless.com\/wp-content\/uploads\/2025\/12\/Ville-de-Mont-Royal-10-1536x1024.jpg 1536w, https:\/\/www.syri-stainless.com\/wp-content\/uploads\/2025\/12\/Ville-de-Mont-Royal-10.jpg 1920w\" sizes=\"(max-width: 300px) 100vw, 300px\" \/><\/div>\n\t\t<\/a>\n\t\t\t\t<div class=\"elementor-post__text\">\n\t\t\t\t<h3 class=\"elementor-post__title\">\n\t\t\t<a href=\"https:\/\/www.syri-stainless.com\/fr\/saviez-vous-que-tuyau\/\" >\n\t\t\t\tSaviez-vous qu&rsquo;en g\u00e9n\u00e9ral, un tuyau de stainless commence en fait comme une simple feuille de m\u00e9tal?\t\t\t<\/a>\n\t\t<\/h3>\n\t\t\t\t<div class=\"elementor-post__meta-data\">\n\t\t\t\t\t<span class=\"elementor-post-date\">\n\t\t\t11 d\u00e9cembre 2025\t\t<\/span>\n\t\t\t\t<\/div>\n\t\t\t\t<div class=\"elementor-post__excerpt\">\n\t\t\t<p>L\u2019acier inoxydable, souvent appel\u00e9 stainless steel, est un mat\u00e9riau polyvalent et durable, largement utilis\u00e9 pour la fabrication de tuyauteries dans les secteurs alimentaire, pharmaceutique, industriel<\/p>\n\t\t<\/div>\n\t\t\n\t\t<a class=\"elementor-post__read-more\" href=\"https:\/\/www.syri-stainless.com\/fr\/saviez-vous-que-tuyau\/\" aria-label=\"En savoir plus sur Saviez-vous qu&rsquo;en g\u00e9n\u00e9ral, un tuyau de stainless commence en fait comme une simple feuille de m\u00e9tal?\" tabindex=\"-1\" >\n\t\t\tLire la suite \u00bb\t\t<\/a>\n\n\t\t\t\t<\/div>\n\t\t\t\t<\/article>\n\t\t\t\t<article class=\"elementor-post elementor-grid-item post-4546 post type-post status-publish format-standard has-post-thumbnail hentry category-non-classifiee\" role=\"listitem\">\n\t\t\t\t<a class=\"elementor-post__thumbnail__link\" href=\"https:\/\/www.syri-stainless.com\/fr\/saviez-vous-que-tungstene\/\" tabindex=\"-1\" >\n\t\t\t<div class=\"elementor-post__thumbnail\"><img decoding=\"async\" width=\"300\" height=\"225\" src=\"https:\/\/www.syri-stainless.com\/wp-content\/uploads\/2025\/11\/PHOTO-Soudeuse_-Syri-1-300x225.jpeg\" class=\"attachment-medium size-medium wp-image-4558\" alt=\"\" srcset=\"https:\/\/www.syri-stainless.com\/wp-content\/uploads\/2025\/11\/PHOTO-Soudeuse_-Syri-1-300x225.jpeg 300w, https:\/\/www.syri-stainless.com\/wp-content\/uploads\/2025\/11\/PHOTO-Soudeuse_-Syri-1-1024x768.jpeg 1024w, https:\/\/www.syri-stainless.com\/wp-content\/uploads\/2025\/11\/PHOTO-Soudeuse_-Syri-1-768x576.jpeg 768w, https:\/\/www.syri-stainless.com\/wp-content\/uploads\/2025\/11\/PHOTO-Soudeuse_-Syri-1-1536x1152.jpeg 1536w, https:\/\/www.syri-stainless.com\/wp-content\/uploads\/2025\/11\/PHOTO-Soudeuse_-Syri-1.jpeg 1620w\" sizes=\"(max-width: 300px) 100vw, 300px\" \/><\/div>\n\t\t<\/a>\n\t\t\t\t<div class=\"elementor-post__text\">\n\t\t\t\t<h3 class=\"elementor-post__title\">\n\t\t\t<a href=\"https:\/\/www.syri-stainless.com\/fr\/saviez-vous-que-tungstene\/\" >\n\t\t\t\tSaviez-vous que lors d\u2019une soudure au TIG (Tungsten Inert Gas), la tige en tungst\u00e8ne qui cr\u00e9e l\u2019arc ne fond normalement pas durant la soudure?\t\t\t<\/a>\n\t\t<\/h3>\n\t\t\t\t<div class=\"elementor-post__meta-data\">\n\t\t\t\t\t<span class=\"elementor-post-date\">\n\t\t\t11 novembre 2025\t\t<\/span>\n\t\t\t\t<\/div>\n\t\t\t\t<div class=\"elementor-post__excerpt\">\n\t\t\t<p>Le tungst\u00e8ne, ou tungsten en anglais, est un m\u00e9tal aux propri\u00e9t\u00e9s exceptionnelles qui joue un r\u00f4le central dans la soudure TIG (Tungsten Inert Gas). Ce<\/p>\n\t\t<\/div>\n\t\t\n\t\t<a class=\"elementor-post__read-more\" href=\"https:\/\/www.syri-stainless.com\/fr\/saviez-vous-que-tungstene\/\" aria-label=\"En savoir plus sur Saviez-vous que lors d\u2019une soudure au TIG (Tungsten Inert Gas), la tige en tungst\u00e8ne qui cr\u00e9e l\u2019arc ne fond normalement pas durant la soudure?\" tabindex=\"-1\" >\n\t\t\tLire la suite \u00bb\t\t<\/a>\n\n\t\t\t\t<\/div>\n\t\t\t\t<\/article>\n\t\t\t\t<article class=\"elementor-post elementor-grid-item post-4485 post type-post status-publish format-standard has-post-thumbnail hentry category-non-classifiee\" role=\"listitem\">\n\t\t\t\t<a class=\"elementor-post__thumbnail__link\" href=\"https:\/\/www.syri-stainless.com\/fr\/saviez-vous-que-definition-laser\/\" tabindex=\"-1\" >\n\t\t\t<div class=\"elementor-post__thumbnail\"><img decoding=\"async\" width=\"300\" height=\"225\" src=\"https:\/\/www.syri-stainless.com\/wp-content\/uploads\/2025\/10\/LASER_SYRI-300x225.jpeg\" class=\"attachment-medium size-medium wp-image-4491\" alt=\"\" srcset=\"https:\/\/www.syri-stainless.com\/wp-content\/uploads\/2025\/10\/LASER_SYRI-300x225.jpeg 300w, https:\/\/www.syri-stainless.com\/wp-content\/uploads\/2025\/10\/LASER_SYRI-1024x768.jpeg 1024w, https:\/\/www.syri-stainless.com\/wp-content\/uploads\/2025\/10\/LASER_SYRI-768x576.jpeg 768w, https:\/\/www.syri-stainless.com\/wp-content\/uploads\/2025\/10\/LASER_SYRI-1536x1152.jpeg 1536w, https:\/\/www.syri-stainless.com\/wp-content\/uploads\/2025\/10\/LASER_SYRI.jpeg 2048w\" sizes=\"(max-width: 300px) 100vw, 300px\" \/><\/div>\n\t\t<\/a>\n\t\t\t\t<div class=\"elementor-post__text\">\n\t\t\t\t<h3 class=\"elementor-post__title\">\n\t\t\t<a href=\"https:\/\/www.syri-stainless.com\/fr\/saviez-vous-que-definition-laser\/\" >\n\t\t\t\tSaviez-vous que le mot \u00abLASER\u00bb est un acronyme pour \u00abLight Amplification by Stimulated Emission of Radiation\u00bb?\t\t\t<\/a>\n\t\t<\/h3>\n\t\t\t\t<div class=\"elementor-post__meta-data\">\n\t\t\t\t\t<span class=\"elementor-post-date\">\n\t\t\t7 octobre 2025\t\t<\/span>\n\t\t\t\t<\/div>\n\t\t\t\t<div class=\"elementor-post__excerpt\">\n\t\t\t<p>Le mot LASER est un acronyme anglais qui signifie \u00ab\u00a0Light Amplification by Stimulated Emission of Radiation\u00a0\u00bb, que l\u2019on peut traduire en fran\u00e7ais par \u00ab\u00a0amplification de<\/p>\n\t\t<\/div>\n\t\t\n\t\t<a class=\"elementor-post__read-more\" href=\"https:\/\/www.syri-stainless.com\/fr\/saviez-vous-que-definition-laser\/\" aria-label=\"En savoir plus sur Saviez-vous que le mot \u00abLASER\u00bb est un acronyme pour \u00abLight Amplification by Stimulated Emission of Radiation\u00bb?\" tabindex=\"-1\" >\n\t\t\tLire la suite \u00bb\t\t<\/a>\n\n\t\t\t\t<\/div>\n\t\t\t\t<\/article>\n\t\t\t\t<article class=\"elementor-post elementor-grid-item post-4464 post type-post status-publish format-standard has-post-thumbnail hentry category-non-classifiee\" role=\"listitem\">\n\t\t\t\t<a class=\"elementor-post__thumbnail__link\" href=\"https:\/\/www.syri-stainless.com\/fr\/saviez-vous-que-lacier-inoxydable-fissuration\/\" tabindex=\"-1\" >\n\t\t\t<div class=\"elementor-post__thumbnail\"><img loading=\"lazy\" decoding=\"async\" width=\"300\" height=\"225\" src=\"https:\/\/www.syri-stainless.com\/wp-content\/uploads\/2025\/09\/Syri-Inox-couleur3-Copie-1-300x225.jpeg\" class=\"attachment-medium size-medium wp-image-4482\" alt=\"\" srcset=\"https:\/\/www.syri-stainless.com\/wp-content\/uploads\/2025\/09\/Syri-Inox-couleur3-Copie-1-300x225.jpeg 300w, https:\/\/www.syri-stainless.com\/wp-content\/uploads\/2025\/09\/Syri-Inox-couleur3-Copie-1-1024x768.jpeg 1024w, https:\/\/www.syri-stainless.com\/wp-content\/uploads\/2025\/09\/Syri-Inox-couleur3-Copie-1-768x576.jpeg 768w, https:\/\/www.syri-stainless.com\/wp-content\/uploads\/2025\/09\/Syri-Inox-couleur3-Copie-1.jpeg 1536w\" sizes=\"(max-width: 300px) 100vw, 300px\" \/><\/div>\n\t\t<\/a>\n\t\t\t\t<div class=\"elementor-post__text\">\n\t\t\t\t<h3 class=\"elementor-post__title\">\n\t\t\t<a href=\"https:\/\/www.syri-stainless.com\/fr\/saviez-vous-que-lacier-inoxydable-fissuration\/\" >\n\t\t\t\tSaviez-vous que refroidir une pi\u00e8ce m\u00e9tallique trop rapidement peut la rendre plus fragile?\t\t\t<\/a>\n\t\t<\/h3>\n\t\t\t\t<div class=\"elementor-post__meta-data\">\n\t\t\t\t\t<span class=\"elementor-post-date\">\n\t\t\t4 septembre 2025\t\t<\/span>\n\t\t\t\t<\/div>\n\t\t\t\t<div class=\"elementor-post__excerpt\">\n\t\t\t<p>La fissuration thermique est un ph\u00e9nom\u00e8ne important \u00e0 conna\u00eetre dans le domaine de la m\u00e9tallurgie, notamment lors des op\u00e9rations de soudage ou de traitements thermiques.<\/p>\n\t\t<\/div>\n\t\t\n\t\t<a class=\"elementor-post__read-more\" href=\"https:\/\/www.syri-stainless.com\/fr\/saviez-vous-que-lacier-inoxydable-fissuration\/\" aria-label=\"En savoir plus sur Saviez-vous que refroidir une pi\u00e8ce m\u00e9tallique trop rapidement peut la rendre plus fragile?\" tabindex=\"-1\" >\n\t\t\tLire la suite \u00bb\t\t<\/a>\n\n\t\t\t\t<\/div>\n\t\t\t\t<\/article>\n\t\t\t\t<article class=\"elementor-post elementor-grid-item post-4454 post type-post status-publish format-standard has-post-thumbnail hentry category-non-classifiee\" role=\"listitem\">\n\t\t\t\t<a class=\"elementor-post__thumbnail__link\" href=\"https:\/\/www.syri-stainless.com\/fr\/saviez-vous-que-lacier-inoxydable-procede\/\" tabindex=\"-1\" >\n\t\t\t<div class=\"elementor-post__thumbnail\"><img loading=\"lazy\" decoding=\"async\" width=\"300\" height=\"225\" src=\"https:\/\/www.syri-stainless.com\/wp-content\/uploads\/2025\/08\/DAVID-SOUDAGE-300x225.jpeg\" class=\"attachment-medium size-medium wp-image-4460\" alt=\"\" srcset=\"https:\/\/www.syri-stainless.com\/wp-content\/uploads\/2025\/08\/DAVID-SOUDAGE-300x225.jpeg 300w, https:\/\/www.syri-stainless.com\/wp-content\/uploads\/2025\/08\/DAVID-SOUDAGE-1024x768.jpeg 1024w, https:\/\/www.syri-stainless.com\/wp-content\/uploads\/2025\/08\/DAVID-SOUDAGE-768x576.jpeg 768w, https:\/\/www.syri-stainless.com\/wp-content\/uploads\/2025\/08\/DAVID-SOUDAGE-1536x1152.jpeg 1536w, https:\/\/www.syri-stainless.com\/wp-content\/uploads\/2025\/08\/DAVID-SOUDAGE.jpeg 1920w\" sizes=\"(max-width: 300px) 100vw, 300px\" \/><\/div>\n\t\t<\/a>\n\t\t\t\t<div class=\"elementor-post__text\">\n\t\t\t\t<h3 class=\"elementor-post__title\">\n\t\t\t<a href=\"https:\/\/www.syri-stainless.com\/fr\/saviez-vous-que-lacier-inoxydable-procede\/\" >\n\t\t\t\tSaviez-vous qu\u2019il existe plus de 70 proc\u00e9d\u00e9s de soudage diff\u00e9rents, et chacun correspond \u00e0 une utilisation pr\u00e9cise?\t\t\t<\/a>\n\t\t<\/h3>\n\t\t\t\t<div class=\"elementor-post__meta-data\">\n\t\t\t\t\t<span class=\"elementor-post-date\">\n\t\t\t6 ao\u00fbt 2025\t\t<\/span>\n\t\t\t\t<\/div>\n\t\t\t\t<div class=\"elementor-post__excerpt\">\n\t\t\t<p>Chaque technique de soudage, du MIG au TIG en passant par le plasma ou le laser, offre des avantages uniques. Le choix d\u00e9pend du type<\/p>\n\t\t<\/div>\n\t\t\n\t\t<a class=\"elementor-post__read-more\" href=\"https:\/\/www.syri-stainless.com\/fr\/saviez-vous-que-lacier-inoxydable-procede\/\" aria-label=\"En savoir plus sur Saviez-vous qu\u2019il existe plus de 70 proc\u00e9d\u00e9s de soudage diff\u00e9rents, et chacun correspond \u00e0 une utilisation pr\u00e9cise?\" tabindex=\"-1\" >\n\t\t\tLire la suite \u00bb\t\t<\/a>\n\n\t\t\t\t<\/div>\n\t\t\t\t<\/article>\n\t\t\t\t<article class=\"elementor-post elementor-grid-item post-4436 post type-post status-publish format-standard has-post-thumbnail hentry category-non-classifiee\" role=\"listitem\">\n\t\t\t\t<a class=\"elementor-post__thumbnail__link\" href=\"https:\/\/www.syri-stainless.com\/fr\/saviez-vous-que-lacier-inoxydable-contamination\/\" tabindex=\"-1\" >\n\t\t\t<div class=\"elementor-post__thumbnail\"><img loading=\"lazy\" decoding=\"async\" width=\"300\" height=\"225\" src=\"https:\/\/www.syri-stainless.com\/wp-content\/uploads\/2025\/05\/Syri_Stainless_Acier-inox-300x225.jpeg\" class=\"attachment-medium size-medium wp-image-4445\" alt=\"\" srcset=\"https:\/\/www.syri-stainless.com\/wp-content\/uploads\/2025\/05\/Syri_Stainless_Acier-inox-300x225.jpeg 300w, https:\/\/www.syri-stainless.com\/wp-content\/uploads\/2025\/05\/Syri_Stainless_Acier-inox-1024x768.jpeg 1024w, https:\/\/www.syri-stainless.com\/wp-content\/uploads\/2025\/05\/Syri_Stainless_Acier-inox-768x576.jpeg 768w, https:\/\/www.syri-stainless.com\/wp-content\/uploads\/2025\/05\/Syri_Stainless_Acier-inox-1536x1152.jpeg 1536w, https:\/\/www.syri-stainless.com\/wp-content\/uploads\/2025\/05\/Syri_Stainless_Acier-inox.jpeg 1920w\" sizes=\"(max-width: 300px) 100vw, 300px\" \/><\/div>\n\t\t<\/a>\n\t\t\t\t<div class=\"elementor-post__text\">\n\t\t\t\t<h3 class=\"elementor-post__title\">\n\t\t\t<a href=\"https:\/\/www.syri-stainless.com\/fr\/saviez-vous-que-lacier-inoxydable-contamination\/\" >\n\t\t\t\tSaviez-vous que l\u2019acier inoxydable peut se contaminer au contact d\u2019autres m\u00e9taux et ainsi rouiller progressivement ?\t\t\t<\/a>\n\t\t<\/h3>\n\t\t\t\t<div class=\"elementor-post__meta-data\">\n\t\t\t\t\t<span class=\"elementor-post-date\">\n\t\t\t2 mai 2025\t\t<\/span>\n\t\t\t\t<\/div>\n\t\t\t\t<div class=\"elementor-post__excerpt\">\n\t\t\t<p>L\u2019acier inoxydable est largement appr\u00e9ci\u00e9 pour sa r\u00e9sistance \u00e0 la rouille et sa durabilit\u00e9. Cependant, ce m\u00e9tal peut se contaminer lorsqu&rsquo;il entre en contact avec<\/p>\n\t\t<\/div>\n\t\t\n\t\t<a class=\"elementor-post__read-more\" href=\"https:\/\/www.syri-stainless.com\/fr\/saviez-vous-que-lacier-inoxydable-contamination\/\" aria-label=\"En savoir plus sur Saviez-vous que l\u2019acier inoxydable peut se contaminer au contact d\u2019autres m\u00e9taux et ainsi rouiller progressivement ?\" tabindex=\"-1\" >\n\t\t\tLire la suite \u00bb\t\t<\/a>\n\n\t\t\t\t<\/div>\n\t\t\t\t<\/article>\n\t\t\t\t<\/div>\n\t\t\n\t\t\t\t<div class=\"e-load-more-anchor\" data-page=\"1\" data-max-page=\"3\" data-next-page=\"https:\/\/www.syri-stainless.com\/fr\/wp-json\/wp\/v2\/pages\/4162\/page\/2\/\"><\/div>\n\t\t\t\t<nav class=\"elementor-pagination\" aria-label=\"Pagination\">\n\t\t\t<span aria-current=\"page\" class=\"page-numbers current\"><span class=\"elementor-screen-only\">Page<\/span>1<\/span>\n<a class=\"page-numbers\" href=\"https:\/\/www.syri-stainless.com\/fr\/wp-json\/wp\/v2\/pages\/4162\/page\/2\/\"><span class=\"elementor-screen-only\">Page<\/span>2<\/a>\n<a class=\"page-numbers\" href=\"https:\/\/www.syri-stainless.com\/fr\/wp-json\/wp\/v2\/pages\/4162\/page\/3\/\"><span class=\"elementor-screen-only\">Page<\/span>3<\/a>\t\t<\/nav>\n\t\t\t\t\t\t<\/div>\n\t\t\t\t<\/div>\n\t\t\t\t\t<\/div>\n\t\t<\/div>\n\t\t\t\t\t<\/div>\n\t\t<\/section>\n\t\t\t\t<\/div>\n\t\t","protected":false},"excerpt":{"rendered":"<p>Blogue<\/p>\n","protected":false},"author":13,"featured_media":0,"parent":0,"menu_order":0,"comment_status":"closed","ping_status":"closed","template":"","meta":{"_acf_changed":false,"footnotes":""},"class_list":["post-4162","page","type-page","status-publish","hentry"],"acf":[],"yoast_head":"<!-- This site is optimized with the Yoast SEO plugin v26.1.1 - https:\/\/yoast.com\/wordpress\/plugins\/seo\/ -->\n<title>Blogue - Syri Stainless<\/title>\n<meta name=\"robots\" content=\"index, follow, max-snippet:-1, max-image-preview:large, max-video-preview:-1\" \/>\n<link rel=\"canonical\" href=\"https:\/\/www.syri-stainless.com\/fr\/blogue\/\" \/>\n<meta property=\"og:locale\" content=\"fr_FR\" \/>\n<meta property=\"og:type\" content=\"article\" \/>\n<meta property=\"og:title\" content=\"Blogue - Syri Stainless\" \/>\n<meta property=\"og:description\" content=\"Blogue\" \/>\n<meta property=\"og:url\" content=\"https:\/\/www.syri-stainless.com\/fr\/blogue\/\" \/>\n<meta property=\"og:site_name\" content=\"Syri Stainless\" \/>\n<meta property=\"article:modified_time\" content=\"2025-09-04T13:00:51+00:00\" \/>\n<meta name=\"twitter:card\" content=\"summary_large_image\" \/>\n<meta name=\"twitter:label1\" content=\"Dur\u00e9e de lecture estim\u00e9e\" \/>\n\t<meta name=\"twitter:data1\" content=\"5 minutes\" \/>\n<script type=\"application\/ld+json\" class=\"yoast-schema-graph\">{\"@context\":\"https:\/\/schema.org\",\"@graph\":[{\"@type\":\"WebPage\",\"@id\":\"https:\/\/www.syri-stainless.com\/fr\/blogue\/\",\"url\":\"https:\/\/www.syri-stainless.com\/fr\/blogue\/\",\"name\":\"Blogue - Syri Stainless\",\"isPartOf\":{\"@id\":\"https:\/\/www.syri-stainless.com\/fr\/#website\"},\"datePublished\":\"2023-09-12T20:10:03+00:00\",\"dateModified\":\"2025-09-04T13:00:51+00:00\",\"breadcrumb\":{\"@id\":\"https:\/\/www.syri-stainless.com\/fr\/blogue\/#breadcrumb\"},\"inLanguage\":\"fr-FR\",\"potentialAction\":[{\"@type\":\"ReadAction\",\"target\":[\"https:\/\/www.syri-stainless.com\/fr\/blogue\/\"]}]},{\"@type\":\"BreadcrumbList\",\"@id\":\"https:\/\/www.syri-stainless.com\/fr\/blogue\/#breadcrumb\",\"itemListElement\":[{\"@type\":\"ListItem\",\"position\":1,\"name\":\"Home\",\"item\":\"https:\/\/www.syri-stainless.com\/fr\/\"},{\"@type\":\"ListItem\",\"position\":2,\"name\":\"Blogue\"}]},{\"@type\":\"WebSite\",\"@id\":\"https:\/\/www.syri-stainless.com\/fr\/#website\",\"url\":\"https:\/\/www.syri-stainless.com\/fr\/\",\"name\":\"Syri Stainless\",\"description\":\"PRODUCTION SUR MESURE EN ACIER INOXYDABLE\",\"potentialAction\":[{\"@type\":\"SearchAction\",\"target\":{\"@type\":\"EntryPoint\",\"urlTemplate\":\"https:\/\/www.syri-stainless.com\/fr\/?s={search_term_string}\"},\"query-input\":{\"@type\":\"PropertyValueSpecification\",\"valueRequired\":true,\"valueName\":\"search_term_string\"}}],\"inLanguage\":\"fr-FR\"}]}<\/script>\n<!-- \/ Yoast SEO plugin. -->","yoast_head_json":{"title":"Blogue - Syri Stainless","robots":{"index":"index","follow":"follow","max-snippet":"max-snippet:-1","max-image-preview":"max-image-preview:large","max-video-preview":"max-video-preview:-1"},"canonical":"https:\/\/www.syri-stainless.com\/fr\/blogue\/","og_locale":"fr_FR","og_type":"article","og_title":"Blogue - Syri Stainless","og_description":"Blogue","og_url":"https:\/\/www.syri-stainless.com\/fr\/blogue\/","og_site_name":"Syri Stainless","article_modified_time":"2025-09-04T13:00:51+00:00","twitter_card":"summary_large_image","twitter_misc":{"Dur\u00e9e de lecture estim\u00e9e":"5 minutes"},"schema":{"@context":"https:\/\/schema.org","@graph":[{"@type":"WebPage","@id":"https:\/\/www.syri-stainless.com\/fr\/blogue\/","url":"https:\/\/www.syri-stainless.com\/fr\/blogue\/","name":"Blogue - Syri Stainless","isPartOf":{"@id":"https:\/\/www.syri-stainless.com\/fr\/#website"},"datePublished":"2023-09-12T20:10:03+00:00","dateModified":"2025-09-04T13:00:51+00:00","breadcrumb":{"@id":"https:\/\/www.syri-stainless.com\/fr\/blogue\/#breadcrumb"},"inLanguage":"fr-FR","potentialAction":[{"@type":"ReadAction","target":["https:\/\/www.syri-stainless.com\/fr\/blogue\/"]}]},{"@type":"BreadcrumbList","@id":"https:\/\/www.syri-stainless.com\/fr\/blogue\/#breadcrumb","itemListElement":[{"@type":"ListItem","position":1,"name":"Home","item":"https:\/\/www.syri-stainless.com\/fr\/"},{"@type":"ListItem","position":2,"name":"Blogue"}]},{"@type":"WebSite","@id":"https:\/\/www.syri-stainless.com\/fr\/#website","url":"https:\/\/www.syri-stainless.com\/fr\/","name":"Syri Stainless","description":"PRODUCTION SUR MESURE EN ACIER INOXYDABLE","potentialAction":[{"@type":"SearchAction","target":{"@type":"EntryPoint","urlTemplate":"https:\/\/www.syri-stainless.com\/fr\/?s={search_term_string}"},"query-input":{"@type":"PropertyValueSpecification","valueRequired":true,"valueName":"search_term_string"}}],"inLanguage":"fr-FR"}]}},"_links":{"self":[{"href":"https:\/\/www.syri-stainless.com\/fr\/wp-json\/wp\/v2\/pages\/4162","targetHints":{"allow":["GET"]}}],"collection":[{"href":"https:\/\/www.syri-stainless.com\/fr\/wp-json\/wp\/v2\/pages"}],"about":[{"href":"https:\/\/www.syri-stainless.com\/fr\/wp-json\/wp\/v2\/types\/page"}],"author":[{"embeddable":true,"href":"https:\/\/www.syri-stainless.com\/fr\/wp-json\/wp\/v2\/users\/13"}],"replies":[{"embeddable":true,"href":"https:\/\/www.syri-stainless.com\/fr\/wp-json\/wp\/v2\/comments?post=4162"}],"version-history":[{"count":23,"href":"https:\/\/www.syri-stainless.com\/fr\/wp-json\/wp\/v2\/pages\/4162\/revisions"}],"predecessor-version":[{"id":4567,"href":"https:\/\/www.syri-stainless.com\/fr\/wp-json\/wp\/v2\/pages\/4162\/revisions\/4567"}],"wp:attachment":[{"href":"https:\/\/www.syri-stainless.com\/fr\/wp-json\/wp\/v2\/media?parent=4162"}],"curies":[{"name":"wp","href":"https:\/\/api.w.org\/{rel}","templated":true}]}}