{"id":4562,"date":"2025-12-09T13:41:02","date_gmt":"2025-12-09T17:41:02","guid":{"rendered":"https:\/\/www.syri-stainless.com\/?page_id=4562"},"modified":"2025-12-09T14:20:32","modified_gmt":"2025-12-09T18:20:32","slug":"politique-confidentialite","status":"publish","type":"page","link":"https:\/\/www.syri-stainless.com\/fr\/politique-confidentialite\/","title":{"rendered":"Politique de confidentialit\u00e9"},"content":{"rendered":"\t\t<div data-elementor-type=\"wp-page\" data-elementor-id=\"4562\" class=\"elementor elementor-4562\" data-elementor-post-type=\"page\">\n\t\t\t\t\t\t<section class=\"elementor-section elementor-top-section elementor-element elementor-element-0e8c025 elementor-section-boxed elementor-section-height-default elementor-section-height-default\" data-id=\"0e8c025\" data-element_type=\"section\">\n\t\t\t\t\t\t<div class=\"elementor-container elementor-column-gap-default\">\n\t\t\t\t\t<div class=\"elementor-column elementor-col-100 elementor-top-column elementor-element elementor-element-1e0ea23\" data-id=\"1e0ea23\" data-element_type=\"column\" data-settings=\"{&quot;background_background&quot;:&quot;classic&quot;}\">\n\t\t\t<div class=\"elementor-widget-wrap elementor-element-populated\">\n\t\t\t\t\t\t<div class=\"elementor-element elementor-element-c135ba8 elementor-widget elementor-widget-heading\" data-id=\"c135ba8\" data-element_type=\"widget\" data-widget_type=\"heading.default\">\n\t\t\t\t<div class=\"elementor-widget-container\">\n\t\t\t\t\t<h2 class=\"elementor-heading-title elementor-size-default\">Politique de confidentialit\u00e9<\/h2>\t\t\t\t<\/div>\n\t\t\t\t<\/div>\n\t\t\t\t<div class=\"elementor-element elementor-element-9a872d8 elementor-widget__width-initial elementor-widget elementor-widget-text-editor\" data-id=\"9a872d8\" data-element_type=\"widget\" data-widget_type=\"text-editor.default\">\n\t\t\t\t<div class=\"elementor-widget-container\">\n\t\t\t\t\t\t\t\t\t<p class=\"MsoNormal\"><span lang=\"FR-CA\">Nous avons \u00e9labor\u00e9 cette politique conform\u00e9ment \u00e0 la Loi 25 du Qu\u00e9bec sur la protection des renseignements personnels dans le secteur priv\u00e9, afin de pr\u00e9ciser nos pratiques relatives \u00e0 la collecte, \u00e0 l\u2019utilisation et \u00e0 la divulgation des renseignements personnels. Syri Stainless s\u2019engage \u00e0 prot\u00e9ger la vie priv\u00e9e de ses clients, employ\u00e9s, fournisseurs et autres parties prenantes.<\/span><\/p><h4 class=\"MsoNormal\" style=\"color: #ff8b4a;\"><b><span lang=\"FR-CA\">\u00a0<\/span><\/b><\/h4><h4 class=\"MsoNormal\" style=\"color: #ff8b4a;\"><b><span lang=\"FR-CA\">Principaux ajustements pour conformit\u00e9 \u00e0 la Loi 25<\/span><\/b><\/h4><h5 class=\"MsoNormal\"><b><span lang=\"FR-CA\">Responsabilit\u00e9 accrue et d\u00e9signation d\u2019un responsable de la protection des renseignements personnels<\/span><\/b><\/h5><p class=\"MsoNormal\"><span lang=\"FR-CA\">Syri Stainless a d\u00e9sign\u00e9 un Responsable de la Protection des Renseignements Personnels (RPRP). Alexandre Syri est charg\u00e9 de superviser la conformit\u00e9 \u00e0 cette politique et peut \u00eatre contact\u00e9 par courriel \u00e0 l\u2019adresse suivante<b> :<\/b><br \/><a href=\"mailto:loi25@syri-stainless.com\">loi25@syri-stainless.com<\/a><br \/><br \/><\/span><\/p><h5 class=\"MsoNormal\"><b><span lang=\"FR-CA\">D\u00e9claration des fins explicites pour chaque collecte<\/span><\/b><\/h5><p class=\"MsoNormal\"><span lang=\"FR-CA\">Syri Stainless pr\u00e9cisera les fins pour lesquelles les renseignements personnels sont collect\u00e9s avant ou au moment de la collecte, conform\u00e9ment aux articles 5 et 6 de la Loi 25. Les renseignements collect\u00e9s ne seront utilis\u00e9s qu\u2019aux fins clairement identifi\u00e9es.<\/span><\/p><p class=\"MsoNormal\"><span lang=\"FR-CA\">\u00a0<\/span><\/p><h4 class=\"MsoNormal\"><b><span lang=\"FR-CA\" style=\"color: #ff8b4a;\">Modifications des sections existantes<\/span><\/b><\/h4><h5 class=\"MsoNormal\"><b><span lang=\"FR-CA\">Consentement<\/span><\/b><\/h5><p class=\"MsoNormal\"><span lang=\"FR-CA\">Nous respectons les exigences renforc\u00e9es en mati\u00e8re de consentement pr\u00e9vues par la Loi 25. Syri Stainless :<\/span><\/p><ul style=\"margin-top: 0cm;\" type=\"disc\"><li class=\"MsoNormal\"><span lang=\"FR-CA\">Obtiendra un consentement clair et explicite pour la collecte de renseignements sensibles (ex. : donn\u00e9es personnelles telles que le nom, l&rsquo;adresse, le num\u00e9ro de t\u00e9l\u00e9phone, le courriel ou encore des donn\u00e9es financi\u00e8res et adresse IP).<\/span><\/li><li class=\"MsoNormal\"><span lang=\"FR-CA\">Offrira des moyens simples et accessibles pour retirer le consentement \u00e0 tout moment.<\/span><\/li><\/ul><h5 class=\"MsoNormal\"><b><span lang=\"FR-CA\">\u00a0<\/span><\/b><\/h5><h5 class=\"MsoNormal\"><b><span lang=\"FR-CA\">Collecte minimale<\/span><\/b><\/h5><p class=\"MsoNormal\"><span lang=\"FR-CA\">Conform\u00e9ment au principe de minimisation des donn\u00e9es, Syri Stainless s\u2019engage \u00e0 ne collecter que les renseignements strictement n\u00e9cessaires aux fins identifi\u00e9es.<\/span><\/p><h5 class=\"MsoNormal\"><b><span lang=\"FR-CA\">\u00a0<\/span><\/b><\/h5><h5 class=\"MsoNormal\"><b><span lang=\"FR-CA\">Mesures de s\u00e9curit\u00e9 renforc\u00e9es<\/span><\/b><\/h5><p class=\"MsoNormal\"><span lang=\"FR-CA\">Syri Stainless a adopt\u00e9 des mesures de protection align\u00e9es sur les exigences de la Loi 25, notamment :<\/span><\/p><ul style=\"margin-top: 0cm;\" type=\"disc\"><li class=\"MsoNormal\"><span lang=\"FR-CA\">L\u2019anonymisation ou la pseudonymisation des donn\u00e9es lorsque possible.<\/span><\/li><li class=\"MsoNormal\"><span lang=\"FR-CA\">L\u2019adoption d\u2019un syst\u00e8me de gestion des acc\u00e8s bas\u00e9 sur le r\u00f4le des employ\u00e9s.<\/span><\/li><li class=\"MsoNormal\"><span lang=\"FR-CA\">L\u2019obligation de signaler tout incident de confidentialit\u00e9 aux autorit\u00e9s comp\u00e9tentes (CAI \u2013 Commission d&rsquo;acc\u00e8s \u00e0 l&rsquo;information) et aux individus concern\u00e9s, conform\u00e9ment \u00e0 la loi.<\/span><\/li><\/ul><h5 class=\"MsoNormal\"><b><span lang=\"FR-CA\">\u00a0<\/span><\/b><\/h5><h5 class=\"MsoNormal\"><b><span lang=\"FR-CA\">Droits des individus<\/span><\/b><\/h5><p class=\"MsoNormal\"><span lang=\"FR-CA\">Les droits des personnes concern\u00e9es sont respect\u00e9s, notamment :<\/span><\/p><ul style=\"margin-top: 0cm;\" type=\"disc\"><li class=\"MsoNormal\"><b><span lang=\"FR-CA\">Droit d\u2019acc\u00e8s et de rectification<\/span><\/b><span lang=\"FR-CA\"> : Les personnes peuvent demander un acc\u00e8s \u00e0 leurs renseignements et, au besoin, demander une rectification.<\/span><\/li><li class=\"MsoNormal\"><b><span lang=\"FR-CA\">Droit \u00e0 l\u2019oubli<\/span><\/b><span lang=\"FR-CA\"> : Syri Stainless honorera les demandes de destruction des donn\u00e9es lorsque les fins identifi\u00e9es sont atteintes ou si leur conservation n\u2019est plus n\u00e9cessaire.<\/span><\/li><\/ul><h5 class=\"MsoNormal\"><b><span lang=\"FR-CA\">\u00a0<\/span><\/b><\/h5><h5 class=\"MsoNormal\"><b><span lang=\"FR-CA\">Transparence et gestion des incidents<\/span><\/b><\/h5><p class=\"MsoNormal\"><span lang=\"FR-CA\">Toute personne peut demander des informations sur nos pratiques de gestion des renseignements personnels. En cas d\u2019incident impliquant un renseignement personnel, Syri Stainless s\u2019engage \u00e0 aviser rapidement les personnes concern\u00e9es et la CAI si l\u2019incident pr\u00e9sente un risque de pr\u00e9judice s\u00e9rieux.<\/span><\/p><p class=\"MsoNormal\"><span lang=\"FR-CA\">\u00a0<\/span><\/p><h5 class=\"MsoNormal\"><b><span lang=\"FR-CA\">Mise \u00e0 jour et r\u00e9vision de la politique<\/span><\/b><\/h5><p class=\"MsoNormal\"><span lang=\"FR-CA\">Cette politique sera revue r\u00e9guli\u00e8rement pour refl\u00e9ter les \u00e9volutions l\u00e9gales et technologiques, notamment les changements apport\u00e9s par la Loi 25.<\/span><\/p><p class=\"MsoNormal\"><span lang=\"FR-CA\">\u00a0<\/span><\/p><p class=\"MsoNormal\"><b><span lang=\"FR-CA\">Coordonn\u00e9es pour les questions et les plaintes :<\/span><\/b><\/p><p class=\"MsoNormal\">\u00a0<\/p><h5 class=\"MsoNormal\"><span lang=\"FR-CA\">Responsable de la Protection des Renseignements Personnels<\/span><\/h5><p class=\"MsoNormal\"><span lang=\"FR-CA\"><b>Adresse :<\/b> 70, Chemin de Joliette, St-F\u00e9lix-de-Valois (Qc), J0K 2M0<br \/><b>Courriel :<\/b> <a href=\"mailto:loi25@syri-stainless.com\">loi25@syri-stainless.com<\/a> <br \/><b>T\u00e9l\u00e9phone :<\/b> 450-889-5921<\/span><\/p>\t\t\t\t\t\t\t\t<\/div>\n\t\t\t\t<\/div>\n\t\t\t\t\t<\/div>\n\t\t<\/div>\n\t\t\t\t\t<\/div>\n\t\t<\/section>\n\t\t\t\t<\/div>\n\t\t","protected":false},"excerpt":{"rendered":"<p>Politique de confidentialit\u00e9 Nous avons \u00e9labor\u00e9 cette politique conform\u00e9ment \u00e0 la Loi 25 du Qu\u00e9bec sur la protection des renseignements personnels dans le secteur priv\u00e9, afin de pr\u00e9ciser nos pratiques relatives \u00e0 la collecte, \u00e0 l\u2019utilisation et \u00e0 la divulgation des renseignements personnels. Syri Stainless s\u2019engage \u00e0 prot\u00e9ger la vie priv\u00e9e de ses clients, employ\u00e9s, [&hellip;]<\/p>\n","protected":false},"author":15,"featured_media":0,"parent":0,"menu_order":0,"comment_status":"closed","ping_status":"closed","template":"","meta":{"_acf_changed":false,"footnotes":""},"class_list":["post-4562","page","type-page","status-publish","hentry"],"acf":[],"yoast_head":"<!-- This site is optimized with the Yoast SEO plugin v26.1.1 - https:\/\/yoast.com\/wordpress\/plugins\/seo\/ -->\n<title>Politique de confidentialit\u00e9 - Syri Stainless<\/title>\n<meta name=\"robots\" content=\"index, follow, max-snippet:-1, max-image-preview:large, max-video-preview:-1\" \/>\n<link rel=\"canonical\" href=\"https:\/\/www.syri-stainless.com\/fr\/politique-confidentialite\/\" \/>\n<meta property=\"og:locale\" content=\"fr_FR\" \/>\n<meta property=\"og:type\" content=\"article\" \/>\n<meta property=\"og:title\" content=\"Politique de confidentialit\u00e9 - Syri Stainless\" \/>\n<meta property=\"og:description\" content=\"Politique de confidentialit\u00e9 Nous avons \u00e9labor\u00e9 cette politique conform\u00e9ment \u00e0 la Loi 25 du Qu\u00e9bec sur la protection des renseignements personnels dans le secteur priv\u00e9, afin de pr\u00e9ciser nos pratiques relatives \u00e0 la collecte, \u00e0 l\u2019utilisation et \u00e0 la divulgation des renseignements personnels. Syri Stainless s\u2019engage \u00e0 prot\u00e9ger la vie priv\u00e9e de ses clients, employ\u00e9s, [&hellip;]\" \/>\n<meta property=\"og:url\" content=\"https:\/\/www.syri-stainless.com\/fr\/politique-confidentialite\/\" \/>\n<meta property=\"og:site_name\" content=\"Syri Stainless\" \/>\n<meta property=\"article:modified_time\" content=\"2025-12-09T18:20:32+00:00\" \/>\n<meta name=\"twitter:card\" content=\"summary_large_image\" \/>\n<meta name=\"twitter:label1\" content=\"Dur\u00e9e de lecture estim\u00e9e\" \/>\n\t<meta name=\"twitter:data1\" content=\"3 minutes\" \/>\n<script type=\"application\/ld+json\" class=\"yoast-schema-graph\">{\"@context\":\"https:\/\/schema.org\",\"@graph\":[{\"@type\":\"WebPage\",\"@id\":\"https:\/\/www.syri-stainless.com\/fr\/politique-confidentialite\/\",\"url\":\"https:\/\/www.syri-stainless.com\/fr\/politique-confidentialite\/\",\"name\":\"Politique de confidentialit\u00e9 - Syri Stainless\",\"isPartOf\":{\"@id\":\"https:\/\/www.syri-stainless.com\/fr\/#website\"},\"datePublished\":\"2025-12-09T17:41:02+00:00\",\"dateModified\":\"2025-12-09T18:20:32+00:00\",\"breadcrumb\":{\"@id\":\"https:\/\/www.syri-stainless.com\/fr\/politique-confidentialite\/#breadcrumb\"},\"inLanguage\":\"fr-FR\",\"potentialAction\":[{\"@type\":\"ReadAction\",\"target\":[\"https:\/\/www.syri-stainless.com\/fr\/politique-confidentialite\/\"]}]},{\"@type\":\"BreadcrumbList\",\"@id\":\"https:\/\/www.syri-stainless.com\/fr\/politique-confidentialite\/#breadcrumb\",\"itemListElement\":[{\"@type\":\"ListItem\",\"position\":1,\"name\":\"Home\",\"item\":\"https:\/\/www.syri-stainless.com\/fr\/\"},{\"@type\":\"ListItem\",\"position\":2,\"name\":\"Politique de confidentialit\u00e9\"}]},{\"@type\":\"WebSite\",\"@id\":\"https:\/\/www.syri-stainless.com\/fr\/#website\",\"url\":\"https:\/\/www.syri-stainless.com\/fr\/\",\"name\":\"Syri Stainless\",\"description\":\"PRODUCTION SUR MESURE EN ACIER INOXYDABLE\",\"potentialAction\":[{\"@type\":\"SearchAction\",\"target\":{\"@type\":\"EntryPoint\",\"urlTemplate\":\"https:\/\/www.syri-stainless.com\/fr\/?s={search_term_string}\"},\"query-input\":{\"@type\":\"PropertyValueSpecification\",\"valueRequired\":true,\"valueName\":\"search_term_string\"}}],\"inLanguage\":\"fr-FR\"}]}<\/script>\n<!-- \/ Yoast SEO plugin. -->","yoast_head_json":{"title":"Politique de confidentialit\u00e9 - Syri Stainless","robots":{"index":"index","follow":"follow","max-snippet":"max-snippet:-1","max-image-preview":"max-image-preview:large","max-video-preview":"max-video-preview:-1"},"canonical":"https:\/\/www.syri-stainless.com\/fr\/politique-confidentialite\/","og_locale":"fr_FR","og_type":"article","og_title":"Politique de confidentialit\u00e9 - Syri Stainless","og_description":"Politique de confidentialit\u00e9 Nous avons \u00e9labor\u00e9 cette politique conform\u00e9ment \u00e0 la Loi 25 du Qu\u00e9bec sur la protection des renseignements personnels dans le secteur priv\u00e9, afin de pr\u00e9ciser nos pratiques relatives \u00e0 la collecte, \u00e0 l\u2019utilisation et \u00e0 la divulgation des renseignements personnels. Syri Stainless s\u2019engage \u00e0 prot\u00e9ger la vie priv\u00e9e de ses clients, employ\u00e9s, [&hellip;]","og_url":"https:\/\/www.syri-stainless.com\/fr\/politique-confidentialite\/","og_site_name":"Syri Stainless","article_modified_time":"2025-12-09T18:20:32+00:00","twitter_card":"summary_large_image","twitter_misc":{"Dur\u00e9e de lecture estim\u00e9e":"3 minutes"},"schema":{"@context":"https:\/\/schema.org","@graph":[{"@type":"WebPage","@id":"https:\/\/www.syri-stainless.com\/fr\/politique-confidentialite\/","url":"https:\/\/www.syri-stainless.com\/fr\/politique-confidentialite\/","name":"Politique de confidentialit\u00e9 - Syri Stainless","isPartOf":{"@id":"https:\/\/www.syri-stainless.com\/fr\/#website"},"datePublished":"2025-12-09T17:41:02+00:00","dateModified":"2025-12-09T18:20:32+00:00","breadcrumb":{"@id":"https:\/\/www.syri-stainless.com\/fr\/politique-confidentialite\/#breadcrumb"},"inLanguage":"fr-FR","potentialAction":[{"@type":"ReadAction","target":["https:\/\/www.syri-stainless.com\/fr\/politique-confidentialite\/"]}]},{"@type":"BreadcrumbList","@id":"https:\/\/www.syri-stainless.com\/fr\/politique-confidentialite\/#breadcrumb","itemListElement":[{"@type":"ListItem","position":1,"name":"Home","item":"https:\/\/www.syri-stainless.com\/fr\/"},{"@type":"ListItem","position":2,"name":"Politique de confidentialit\u00e9"}]},{"@type":"WebSite","@id":"https:\/\/www.syri-stainless.com\/fr\/#website","url":"https:\/\/www.syri-stainless.com\/fr\/","name":"Syri Stainless","description":"PRODUCTION SUR MESURE EN ACIER INOXYDABLE","potentialAction":[{"@type":"SearchAction","target":{"@type":"EntryPoint","urlTemplate":"https:\/\/www.syri-stainless.com\/fr\/?s={search_term_string}"},"query-input":{"@type":"PropertyValueSpecification","valueRequired":true,"valueName":"search_term_string"}}],"inLanguage":"fr-FR"}]}},"_links":{"self":[{"href":"https:\/\/www.syri-stainless.com\/fr\/wp-json\/wp\/v2\/pages\/4562","targetHints":{"allow":["GET"]}}],"collection":[{"href":"https:\/\/www.syri-stainless.com\/fr\/wp-json\/wp\/v2\/pages"}],"about":[{"href":"https:\/\/www.syri-stainless.com\/fr\/wp-json\/wp\/v2\/types\/page"}],"author":[{"embeddable":true,"href":"https:\/\/www.syri-stainless.com\/fr\/wp-json\/wp\/v2\/users\/15"}],"replies":[{"embeddable":true,"href":"https:\/\/www.syri-stainless.com\/fr\/wp-json\/wp\/v2\/comments?post=4562"}],"version-history":[{"count":7,"href":"https:\/\/www.syri-stainless.com\/fr\/wp-json\/wp\/v2\/pages\/4562\/revisions"}],"predecessor-version":[{"id":4575,"href":"https:\/\/www.syri-stainless.com\/fr\/wp-json\/wp\/v2\/pages\/4562\/revisions\/4575"}],"wp:attachment":[{"href":"https:\/\/www.syri-stainless.com\/fr\/wp-json\/wp\/v2\/media?parent=4562"}],"curies":[{"name":"wp","href":"https:\/\/api.w.org\/{rel}","templated":true}]}}