{"id":992,"date":"2021-03-26T13:26:46","date_gmt":"2021-03-26T17:26:46","guid":{"rendered":"https:\/\/syristainless.gxinteractive.com\/contact-copy\/"},"modified":"2025-10-28T16:22:30","modified_gmt":"2025-10-28T20:22:30","slug":"devis","status":"publish","type":"page","link":"https:\/\/www.syri-stainless.com\/fr\/devis\/","title":{"rendered":"Devis"},"content":{"rendered":"\t\t<div data-elementor-type=\"wp-page\" data-elementor-id=\"992\" class=\"elementor elementor-992\" data-elementor-post-type=\"page\">\n\t\t\t\t\t\t<section class=\"elementor-section elementor-top-section elementor-element elementor-element-3fd2385 elementor-section-content-bottom elementor-section-boxed elementor-section-height-default elementor-section-height-default\" data-id=\"3fd2385\" data-element_type=\"section\" data-settings=\"{&quot;background_background&quot;:&quot;classic&quot;}\">\n\t\t\t\t\t\t\t<div class=\"elementor-background-overlay\"><\/div>\n\t\t\t\t\t\t\t<div class=\"elementor-container elementor-column-gap-no\">\n\t\t\t\t\t<div class=\"elementor-column elementor-col-100 elementor-top-column elementor-element elementor-element-b96e0d2\" data-id=\"b96e0d2\" data-element_type=\"column\">\n\t\t\t<div class=\"elementor-widget-wrap elementor-element-populated\">\n\t\t\t\t\t\t<section class=\"elementor-section elementor-inner-section elementor-element elementor-element-79c343f elementor-section-full_width elementor-section-height-default elementor-section-height-default\" data-id=\"79c343f\" data-element_type=\"section\">\n\t\t\t\t\t\t<div class=\"elementor-container elementor-column-gap-no\">\n\t\t\t\t\t<div class=\"elementor-column elementor-col-50 elementor-inner-column elementor-element elementor-element-4e3c4b1\" data-id=\"4e3c4b1\" data-element_type=\"column\">\n\t\t\t<div class=\"elementor-widget-wrap\">\n\t\t\t\t\t\t\t<\/div>\n\t\t<\/div>\n\t\t\t\t<div class=\"elementor-column elementor-col-50 elementor-inner-column elementor-element elementor-element-c77a89e\" data-id=\"c77a89e\" data-element_type=\"column\">\n\t\t\t<div class=\"elementor-widget-wrap elementor-element-populated\">\n\t\t\t\t\t\t<div class=\"elementor-element elementor-element-b0ed1da elementor-hidden-phone elementor-widget elementor-widget-image\" data-id=\"b0ed1da\" data-element_type=\"widget\" data-widget_type=\"image.default\">\n\t\t\t\t<div class=\"elementor-widget-container\">\n\t\t\t\t\t\t\t\t\t\t\t\t\t\t\t<img fetchpriority=\"high\" decoding=\"async\" width=\"300\" height=\"225\" src=\"https:\/\/www.syri-stainless.com\/wp-content\/uploads\/2021\/03\/SYRI_Logo_Gris-pale-sh-300x225.png\" class=\"attachment-medium size-medium wp-image-796\" alt=\"\" srcset=\"https:\/\/www.syri-stainless.com\/wp-content\/uploads\/2021\/03\/SYRI_Logo_Gris-pale-sh-300x225.png 300w, https:\/\/www.syri-stainless.com\/wp-content\/uploads\/2021\/03\/SYRI_Logo_Gris-pale-sh.png 400w\" sizes=\"(max-width: 300px) 100vw, 300px\" \/>\t\t\t\t\t\t\t\t\t\t\t\t\t\t\t<\/div>\n\t\t\t\t<\/div>\n\t\t\t\t\t<\/div>\n\t\t<\/div>\n\t\t\t\t\t<\/div>\n\t\t<\/section>\n\t\t\t\t<section class=\"elementor-section elementor-inner-section elementor-element elementor-element-30e3f93 elementor-section-full_width elementor-section-height-default elementor-section-height-default\" data-id=\"30e3f93\" data-element_type=\"section\">\n\t\t\t\t\t\t<div class=\"elementor-container elementor-column-gap-no\">\n\t\t\t\t\t<div class=\"elementor-column elementor-col-50 elementor-inner-column elementor-element elementor-element-3efd33d\" data-id=\"3efd33d\" data-element_type=\"column\">\n\t\t\t<div class=\"elementor-widget-wrap elementor-element-populated\">\n\t\t\t\t\t\t<div class=\"elementor-element elementor-element-f45d768 elementor-icon-list--layout-inline elementor-align-left elementor-list-item-link-full_width elementor-widget elementor-widget-icon-list\" data-id=\"f45d768\" data-element_type=\"widget\" data-widget_type=\"icon-list.default\">\n\t\t\t\t<div class=\"elementor-widget-container\">\n\t\t\t\t\t\t\t<ul class=\"elementor-icon-list-items elementor-inline-items\">\n\t\t\t\t\t\t\t<li class=\"elementor-icon-list-item elementor-inline-item\">\n\t\t\t\t\t\t\t\t\t\t<span class=\"elementor-icon-list-text\">Besoin d'un <span class=\"orange\">Devis !<\/span><\/span>\n\t\t\t\t\t\t\t\t\t<\/li>\n\t\t\t\t\t\t<\/ul>\n\t\t\t\t\t\t<\/div>\n\t\t\t\t<\/div>\n\t\t\t\t\t<\/div>\n\t\t<\/div>\n\t\t\t\t<div class=\"elementor-column elementor-col-50 elementor-inner-column elementor-element elementor-element-519a6ae\" data-id=\"519a6ae\" data-element_type=\"column\">\n\t\t\t<div class=\"elementor-widget-wrap elementor-element-populated\">\n\t\t\t\t\t\t<div class=\"elementor-element elementor-element-abfe7cf elementor-hidden-phone elementor-widget elementor-widget-text-editor\" data-id=\"abfe7cf\" data-element_type=\"widget\" data-widget_type=\"text-editor.default\">\n\t\t\t\t<div class=\"elementor-widget-container\">\n\t\t\t\t\t\t\t\t\t<h2>Vous avez un projet <br \/>en t\u00eate et avez <br \/>besoin d&rsquo;un\u00a0<br \/>devis ?<\/h2>\t\t\t\t\t\t\t\t<\/div>\n\t\t\t\t<\/div>\n\t\t\t\t\t<\/div>\n\t\t<\/div>\n\t\t\t\t\t<\/div>\n\t\t<\/section>\n\t\t\t\t<section class=\"elementor-section elementor-inner-section elementor-element elementor-element-65555bc elementor-section-content-bottom elementor-section-boxed elementor-section-height-default elementor-section-height-default\" data-id=\"65555bc\" data-element_type=\"section\">\n\t\t\t\t\t\t<div class=\"elementor-container elementor-column-gap-no\">\n\t\t\t\t\t<div class=\"elementor-column elementor-col-100 elementor-inner-column elementor-element elementor-element-d78993e\" data-id=\"d78993e\" data-element_type=\"column\">\n\t\t\t<div class=\"elementor-widget-wrap\">\n\t\t\t\t\t\t\t<\/div>\n\t\t<\/div>\n\t\t\t\t\t<\/div>\n\t\t<\/section>\n\t\t\t\t\t<\/div>\n\t\t<\/div>\n\t\t\t\t\t<\/div>\n\t\t<\/section>\n\t\t\t\t<section class=\"elementor-section elementor-top-section elementor-element elementor-element-b4f705a elementor-section-boxed elementor-section-height-default elementor-section-height-default\" data-id=\"b4f705a\" data-element_type=\"section\" data-settings=\"{&quot;background_background&quot;:&quot;classic&quot;}\">\n\t\t\t\t\t\t<div class=\"elementor-container elementor-column-gap-default\">\n\t\t\t\t\t<div class=\"elementor-column elementor-col-100 elementor-top-column elementor-element elementor-element-59c3e0f\" data-id=\"59c3e0f\" data-element_type=\"column\">\n\t\t\t<div class=\"elementor-widget-wrap elementor-element-populated\">\n\t\t\t\t\t\t<div class=\"elementor-element elementor-element-0779cd1 elementor-widget elementor-widget-menu-anchor\" data-id=\"0779cd1\" data-element_type=\"widget\" data-widget_type=\"menu-anchor.default\">\n\t\t\t\t<div class=\"elementor-widget-container\">\n\t\t\t\t\t\t\t<div class=\"elementor-menu-anchor\" id=\"devis\"><\/div>\n\t\t\t\t\t\t<\/div>\n\t\t\t\t<\/div>\n\t\t\t\t<div class=\"elementor-element elementor-element-f9ca6c2 elementor-widget elementor-widget-heading\" data-id=\"f9ca6c2\" data-element_type=\"widget\" data-widget_type=\"heading.default\">\n\t\t\t\t<div class=\"elementor-widget-container\">\n\t\t\t\t\t<h2 class=\"elementor-heading-title elementor-size-default\"><span class=\"line1\">PARLEZ-NOUS DE VOTRE <\/span>\n<span class=\"line2\">PROJET en acier INOXYDABLE ! <\/span><\/h2>\t\t\t\t<\/div>\n\t\t\t\t<\/div>\n\t\t\t\t\t<\/div>\n\t\t<\/div>\n\t\t\t\t\t<\/div>\n\t\t<\/section>\n\t\t\t\t<section class=\"elementor-section elementor-top-section elementor-element elementor-element-b662bca elementor-section-boxed elementor-section-height-default elementor-section-height-default\" data-id=\"b662bca\" data-element_type=\"section\" data-settings=\"{&quot;background_background&quot;:&quot;classic&quot;}\">\n\t\t\t\t\t\t<div class=\"elementor-container elementor-column-gap-default\">\n\t\t\t\t\t<div class=\"elementor-column elementor-col-100 elementor-top-column elementor-element elementor-element-a1bfa85\" data-id=\"a1bfa85\" data-element_type=\"column\">\n\t\t\t<div class=\"elementor-widget-wrap elementor-element-populated\">\n\t\t\t\t\t\t<div class=\"elementor-element elementor-element-e330904 elementor-widget elementor-widget-text-editor\" data-id=\"e330904\" data-element_type=\"widget\" data-widget_type=\"text-editor.default\">\n\t\t\t\t<div class=\"elementor-widget-container\">\n\t\t\t\t\t\t\t\t\t<p>Pour d\u00e9buter le processus de devis, SVP\u00a0remplir ce formulaire<\/p>\t\t\t\t\t\t\t\t<\/div>\n\t\t\t\t<\/div>\n\t\t\t\t<div class=\"elementor-element elementor-element-922547f elementor-button-align-center elementor-widget elementor-widget-form\" data-id=\"922547f\" data-element_type=\"widget\" data-settings=\"{&quot;step_next_label&quot;:&quot;Suivant&quot;,&quot;step_previous_label&quot;:&quot;Pr\\u00e9c\\u00e9dent&quot;,&quot;button_width&quot;:&quot;100&quot;,&quot;step_type&quot;:&quot;number_text&quot;,&quot;step_icon_shape&quot;:&quot;circle&quot;}\" data-widget_type=\"form.default\">\n\t\t\t\t<div class=\"elementor-widget-container\">\n\t\t\t\t\t\t\t<form class=\"elementor-form\" method=\"post\" name=\"Contact\" aria-label=\"Contact\">\n\t\t\t<input type=\"hidden\" name=\"post_id\" value=\"992\"\/>\n\t\t\t<input type=\"hidden\" name=\"form_id\" value=\"922547f\"\/>\n\t\t\t<input type=\"hidden\" name=\"referer_title\" value=\"Devis - Syri Stainless\" \/>\n\n\t\t\t\t\t\t\t<input type=\"hidden\" name=\"queried_id\" value=\"992\"\/>\n\t\t\t\n\t\t\t<div class=\"elementor-form-fields-wrapper elementor-labels-\">\n\t\t\t\t\t\t\t\t<div class=\"elementor-field-type-text elementor-field-group elementor-column elementor-field-group-name elementor-col-50 elementor-field-required\">\n\t\t\t\t\t\t\t\t\t\t\t\t<label for=\"form-field-name\" class=\"elementor-field-label elementor-screen-only\">\n\t\t\t\t\t\t\t\tNom\t\t\t\t\t\t\t<\/label>\n\t\t\t\t\t\t\t\t\t\t\t\t\t\t<input size=\"1\" type=\"text\" name=\"form_fields[name]\" id=\"form-field-name\" class=\"elementor-field elementor-size-sm  elementor-field-textual\" placeholder=\"Nom\" required=\"required\">\n\t\t\t\t\t\t\t\t\t\t\t<\/div>\n\t\t\t\t\t\t\t\t<div class=\"elementor-field-type-text elementor-field-group elementor-column elementor-field-group-field_ea676d5 elementor-col-50 elementor-field-required\">\n\t\t\t\t\t\t\t\t\t\t\t\t<label for=\"form-field-field_ea676d5\" class=\"elementor-field-label elementor-screen-only\">\n\t\t\t\t\t\t\t\tPr\u00e9nom\t\t\t\t\t\t\t<\/label>\n\t\t\t\t\t\t\t\t\t\t\t\t\t\t<input size=\"1\" type=\"text\" name=\"form_fields[field_ea676d5]\" id=\"form-field-field_ea676d5\" class=\"elementor-field elementor-size-sm  elementor-field-textual\" placeholder=\"Pr\u00e9nom\" required=\"required\">\n\t\t\t\t\t\t\t\t\t\t\t<\/div>\n\t\t\t\t\t\t\t\t<div class=\"elementor-field-type-tel elementor-field-group elementor-column elementor-field-group-field_f9c17c8 elementor-col-50\">\n\t\t\t\t\t\t\t\t\t\t\t\t<label for=\"form-field-field_f9c17c8\" class=\"elementor-field-label elementor-screen-only\">\n\t\t\t\t\t\t\t\tT\u00e9l\u00e9phone\t\t\t\t\t\t\t<\/label>\n\t\t\t\t\t\t\t\t<input size=\"1\" type=\"tel\" name=\"form_fields[field_f9c17c8]\" id=\"form-field-field_f9c17c8\" class=\"elementor-field elementor-size-sm  elementor-field-textual\" placeholder=\"T\u00e9l\u00e9phone\" pattern=\"[0-9()#&amp;+*-=.]+\" title=\"Seuls les caract\u00e8res de num\u00e9ros de t\u00e9l\u00e9phone (#, -, *, etc.) sont accept\u00e9s.\">\n\n\t\t\t\t\t\t<\/div>\n\t\t\t\t\t\t\t\t<div class=\"elementor-field-type-text elementor-field-group elementor-column elementor-field-group-field_7d6c36d elementor-col-50\">\n\t\t\t\t\t\t\t\t\t\t\t\t<label for=\"form-field-field_7d6c36d\" class=\"elementor-field-label elementor-screen-only\">\n\t\t\t\t\t\t\t\tCompagnie\t\t\t\t\t\t\t<\/label>\n\t\t\t\t\t\t\t\t\t\t\t\t\t\t<input size=\"1\" type=\"text\" name=\"form_fields[field_7d6c36d]\" id=\"form-field-field_7d6c36d\" class=\"elementor-field elementor-size-sm  elementor-field-textual\" placeholder=\"Compagnie\">\n\t\t\t\t\t\t\t\t\t\t\t<\/div>\n\t\t\t\t\t\t\t\t<div class=\"elementor-field-type-email elementor-field-group elementor-column elementor-field-group-email elementor-col-50 elementor-field-required\">\n\t\t\t\t\t\t\t\t\t\t\t\t<label for=\"form-field-email\" class=\"elementor-field-label elementor-screen-only\">\n\t\t\t\t\t\t\t\tCourriel\t\t\t\t\t\t\t<\/label>\n\t\t\t\t\t\t\t\t\t\t\t\t\t\t<input size=\"1\" type=\"email\" name=\"form_fields[email]\" id=\"form-field-email\" class=\"elementor-field elementor-size-sm  elementor-field-textual\" placeholder=\"Courriel\" required=\"required\">\n\t\t\t\t\t\t\t\t\t\t\t<\/div>\n\t\t\t\t\t\t\t\t<div class=\"elementor-field-type-text elementor-field-group elementor-column elementor-field-group-projet elementor-col-50 elementor-field-required\">\n\t\t\t\t\t\t\t\t\t\t\t\t<label for=\"form-field-projet\" class=\"elementor-field-label elementor-screen-only\">\n\t\t\t\t\t\t\t\tNom du projet\t\t\t\t\t\t\t<\/label>\n\t\t\t\t\t\t\t\t\t\t\t\t\t\t<input size=\"1\" type=\"text\" name=\"form_fields[projet]\" id=\"form-field-projet\" class=\"elementor-field elementor-size-sm  elementor-field-textual\" placeholder=\"Nom du projet\" required=\"required\">\n\t\t\t\t\t\t\t\t\t\t\t<\/div>\n\t\t\t\t\t\t\t\t<div class=\"elementor-field-type-select elementor-field-group elementor-column elementor-field-group-secteurs elementor-col-50\">\n\t\t\t\t\t\t\t\t\t\t\t\t<label for=\"form-field-secteurs\" class=\"elementor-field-label elementor-screen-only\">\n\t\t\t\t\t\t\t\tSecteurs d'activit\u00e9s\t\t\t\t\t\t\t<\/label>\n\t\t\t\t\t\t\t\t<div class=\"elementor-field elementor-select-wrapper remove-before \">\n\t\t\t<div class=\"select-caret-down-wrapper\">\n\t\t\t\t<i aria-hidden=\"true\" class=\"eicon-caret-down\"><\/i>\t\t\t<\/div>\n\t\t\t<select name=\"form_fields[secteurs]\" id=\"form-field-secteurs\" class=\"elementor-field-textual elementor-size-sm\">\n\t\t\t\t\t\t\t\t\t<option value=\"Choisir le secteur d&#039;activit\u00e9\">Choisir le secteur d&#039;activit\u00e9<\/option>\n\t\t\t\t\t\t\t\t\t<option value=\"Alimentaire\">Alimentaire<\/option>\n\t\t\t\t\t\t\t\t\t<option value=\"Brassicole\">Brassicole<\/option>\n\t\t\t\t\t\t\t\t\t<option value=\"Construction\">Construction<\/option>\n\t\t\t\t\t\t\t\t\t<option value=\"M\u00e9dicale\">M\u00e9dicale<\/option>\n\t\t\t\t\t\t\t<\/select>\n\t\t<\/div>\n\t\t\t\t\t\t<\/div>\n\t\t\t\t\t\t\t\t<div class=\"elementor-field-type-textarea elementor-field-group elementor-column elementor-field-group-field_c5bfd1f elementor-col-100\">\n\t\t\t\t\t\t\t\t\t\t\t\t<label for=\"form-field-field_c5bfd1f\" class=\"elementor-field-label elementor-screen-only\">\n\t\t\t\t\t\t\t\tNOTES\/demande de prix\t\t\t\t\t\t\t<\/label>\n\t\t\t\t\t\t<textarea class=\"elementor-field-textual elementor-field  elementor-size-sm\" name=\"form_fields[field_c5bfd1f]\" id=\"form-field-field_c5bfd1f\" rows=\"4\" placeholder=\"NOTES\/demande de prix\"><\/textarea>\t\t\t\t<\/div>\n\t\t\t\t\t\t\t\t<div class=\"elementor-field-type-recaptcha elementor-field-group elementor-column elementor-field-group-field_9cf6ebb elementor-col-100\">\n\t\t\t\t\t<div class=\"elementor-field\" id=\"form-field-field_9cf6ebb\"><div class=\"elementor-g-recaptcha\" data-sitekey=\"6LfiHg0TAAAAAKPBDhz7Z49LNd_J3wEIOvpyjGqz\" data-type=\"v2_checkbox\" data-theme=\"dark\" data-size=\"normal\"><\/div><\/div>\t\t\t\t<\/div>\n\t\t\t\t\t\t\t\t<div class=\"elementor-field-group elementor-column elementor-field-type-submit elementor-col-100 e-form__buttons\">\n\t\t\t\t\t<button class=\"elementor-button elementor-size-xs\" type=\"submit\">\n\t\t\t\t\t\t<span class=\"elementor-button-content-wrapper\">\n\t\t\t\t\t\t\t\t\t\t\t\t\t\t\t\t\t\t\t\t\t\t<span class=\"elementor-button-text\">Envoyer<\/span>\n\t\t\t\t\t\t\t\t\t\t\t\t\t<\/span>\n\t\t\t\t\t<\/button>\n\t\t\t\t<\/div>\n\t\t\t<\/div>\n\t\t<\/form>\n\t\t\t\t\t\t<\/div>\n\t\t\t\t<\/div>\n\t\t\t\t\t<\/div>\n\t\t<\/div>\n\t\t\t\t\t<\/div>\n\t\t<\/section>\n\t\t\t\t<\/div>\n\t\t","protected":false},"excerpt":{"rendered":"<p>Besoin d&rsquo;un Devis ! Vous avez un projet en t\u00eate et avez besoin d&rsquo;un\u00a0devis ? PARLEZ-NOUS DE VOTRE PROJET en acier INOXYDABLE ! Pour d\u00e9buter le processus de devis, SVP\u00a0remplir ce formulaire<\/p>\n","protected":false},"author":13,"featured_media":0,"parent":0,"menu_order":0,"comment_status":"closed","ping_status":"closed","template":"","meta":{"_acf_changed":false,"footnotes":""},"class_list":["post-992","page","type-page","status-publish","hentry"],"acf":[],"yoast_head":"<!-- This site is optimized with the Yoast SEO plugin v26.1.1 - https:\/\/yoast.com\/wordpress\/plugins\/seo\/ -->\n<title>Devis - Syri Stainless<\/title>\n<meta name=\"robots\" content=\"index, follow, max-snippet:-1, max-image-preview:large, max-video-preview:-1\" \/>\n<link rel=\"canonical\" href=\"https:\/\/www.syri-stainless.com\/fr\/devis\/\" \/>\n<meta property=\"og:locale\" content=\"fr_FR\" \/>\n<meta property=\"og:type\" content=\"article\" \/>\n<meta property=\"og:title\" content=\"Devis - Syri Stainless\" \/>\n<meta property=\"og:description\" content=\"Besoin d&rsquo;un Devis ! Vous avez un projet en t\u00eate et avez besoin d&rsquo;un\u00a0devis ? PARLEZ-NOUS DE VOTRE PROJET en acier INOXYDABLE ! Pour d\u00e9buter le processus de devis, SVP\u00a0remplir ce formulaire\" \/>\n<meta property=\"og:url\" content=\"https:\/\/www.syri-stainless.com\/fr\/devis\/\" \/>\n<meta property=\"og:site_name\" content=\"Syri Stainless\" \/>\n<meta property=\"article:modified_time\" content=\"2025-10-28T20:22:30+00:00\" \/>\n<meta property=\"og:image\" content=\"https:\/\/www.syri-stainless.com\/wp-content\/uploads\/2021\/03\/SYRI_Logo_Gris-pale-sh.png\" \/>\n\t<meta property=\"og:image:width\" content=\"400\" \/>\n\t<meta property=\"og:image:height\" content=\"300\" \/>\n\t<meta property=\"og:image:type\" content=\"image\/png\" \/>\n<meta name=\"twitter:card\" content=\"summary_large_image\" \/>\n<meta name=\"twitter:label1\" content=\"Dur\u00e9e de lecture estim\u00e9e\" \/>\n\t<meta name=\"twitter:data1\" content=\"1 minute\" \/>\n<script type=\"application\/ld+json\" class=\"yoast-schema-graph\">{\"@context\":\"https:\/\/schema.org\",\"@graph\":[{\"@type\":\"WebPage\",\"@id\":\"https:\/\/www.syri-stainless.com\/fr\/devis\/\",\"url\":\"https:\/\/www.syri-stainless.com\/fr\/devis\/\",\"name\":\"Devis - Syri Stainless\",\"isPartOf\":{\"@id\":\"https:\/\/www.syri-stainless.com\/fr\/#website\"},\"primaryImageOfPage\":{\"@id\":\"https:\/\/www.syri-stainless.com\/fr\/devis\/#primaryimage\"},\"image\":{\"@id\":\"https:\/\/www.syri-stainless.com\/fr\/devis\/#primaryimage\"},\"thumbnailUrl\":\"https:\/\/www.syri-stainless.com\/wp-content\/uploads\/2021\/03\/SYRI_Logo_Gris-pale-sh-300x225.png\",\"datePublished\":\"2021-03-26T17:26:46+00:00\",\"dateModified\":\"2025-10-28T20:22:30+00:00\",\"breadcrumb\":{\"@id\":\"https:\/\/www.syri-stainless.com\/fr\/devis\/#breadcrumb\"},\"inLanguage\":\"fr-FR\",\"potentialAction\":[{\"@type\":\"ReadAction\",\"target\":[\"https:\/\/www.syri-stainless.com\/fr\/devis\/\"]}]},{\"@type\":\"ImageObject\",\"inLanguage\":\"fr-FR\",\"@id\":\"https:\/\/www.syri-stainless.com\/fr\/devis\/#primaryimage\",\"url\":\"https:\/\/www.syri-stainless.com\/wp-content\/uploads\/2021\/03\/SYRI_Logo_Gris-pale-sh-300x225.png\",\"contentUrl\":\"https:\/\/www.syri-stainless.com\/wp-content\/uploads\/2021\/03\/SYRI_Logo_Gris-pale-sh-300x225.png\"},{\"@type\":\"BreadcrumbList\",\"@id\":\"https:\/\/www.syri-stainless.com\/fr\/devis\/#breadcrumb\",\"itemListElement\":[{\"@type\":\"ListItem\",\"position\":1,\"name\":\"Home\",\"item\":\"https:\/\/www.syri-stainless.com\/fr\/\"},{\"@type\":\"ListItem\",\"position\":2,\"name\":\"Devis\"}]},{\"@type\":\"WebSite\",\"@id\":\"https:\/\/www.syri-stainless.com\/fr\/#website\",\"url\":\"https:\/\/www.syri-stainless.com\/fr\/\",\"name\":\"Syri Stainless\",\"description\":\"PRODUCTION SUR MESURE EN ACIER INOXYDABLE\",\"potentialAction\":[{\"@type\":\"SearchAction\",\"target\":{\"@type\":\"EntryPoint\",\"urlTemplate\":\"https:\/\/www.syri-stainless.com\/fr\/?s={search_term_string}\"},\"query-input\":{\"@type\":\"PropertyValueSpecification\",\"valueRequired\":true,\"valueName\":\"search_term_string\"}}],\"inLanguage\":\"fr-FR\"}]}<\/script>\n<!-- \/ Yoast SEO plugin. -->","yoast_head_json":{"title":"Devis - Syri Stainless","robots":{"index":"index","follow":"follow","max-snippet":"max-snippet:-1","max-image-preview":"max-image-preview:large","max-video-preview":"max-video-preview:-1"},"canonical":"https:\/\/www.syri-stainless.com\/fr\/devis\/","og_locale":"fr_FR","og_type":"article","og_title":"Devis - Syri Stainless","og_description":"Besoin d&rsquo;un Devis ! Vous avez un projet en t\u00eate et avez besoin d&rsquo;un\u00a0devis ? PARLEZ-NOUS DE VOTRE PROJET en acier INOXYDABLE ! Pour d\u00e9buter le processus de devis, SVP\u00a0remplir ce formulaire","og_url":"https:\/\/www.syri-stainless.com\/fr\/devis\/","og_site_name":"Syri Stainless","article_modified_time":"2025-10-28T20:22:30+00:00","og_image":[{"width":400,"height":300,"url":"https:\/\/www.syri-stainless.com\/wp-content\/uploads\/2021\/03\/SYRI_Logo_Gris-pale-sh.png","type":"image\/png"}],"twitter_card":"summary_large_image","twitter_misc":{"Dur\u00e9e de lecture estim\u00e9e":"1 minute"},"schema":{"@context":"https:\/\/schema.org","@graph":[{"@type":"WebPage","@id":"https:\/\/www.syri-stainless.com\/fr\/devis\/","url":"https:\/\/www.syri-stainless.com\/fr\/devis\/","name":"Devis - Syri Stainless","isPartOf":{"@id":"https:\/\/www.syri-stainless.com\/fr\/#website"},"primaryImageOfPage":{"@id":"https:\/\/www.syri-stainless.com\/fr\/devis\/#primaryimage"},"image":{"@id":"https:\/\/www.syri-stainless.com\/fr\/devis\/#primaryimage"},"thumbnailUrl":"https:\/\/www.syri-stainless.com\/wp-content\/uploads\/2021\/03\/SYRI_Logo_Gris-pale-sh-300x225.png","datePublished":"2021-03-26T17:26:46+00:00","dateModified":"2025-10-28T20:22:30+00:00","breadcrumb":{"@id":"https:\/\/www.syri-stainless.com\/fr\/devis\/#breadcrumb"},"inLanguage":"fr-FR","potentialAction":[{"@type":"ReadAction","target":["https:\/\/www.syri-stainless.com\/fr\/devis\/"]}]},{"@type":"ImageObject","inLanguage":"fr-FR","@id":"https:\/\/www.syri-stainless.com\/fr\/devis\/#primaryimage","url":"https:\/\/www.syri-stainless.com\/wp-content\/uploads\/2021\/03\/SYRI_Logo_Gris-pale-sh-300x225.png","contentUrl":"https:\/\/www.syri-stainless.com\/wp-content\/uploads\/2021\/03\/SYRI_Logo_Gris-pale-sh-300x225.png"},{"@type":"BreadcrumbList","@id":"https:\/\/www.syri-stainless.com\/fr\/devis\/#breadcrumb","itemListElement":[{"@type":"ListItem","position":1,"name":"Home","item":"https:\/\/www.syri-stainless.com\/fr\/"},{"@type":"ListItem","position":2,"name":"Devis"}]},{"@type":"WebSite","@id":"https:\/\/www.syri-stainless.com\/fr\/#website","url":"https:\/\/www.syri-stainless.com\/fr\/","name":"Syri Stainless","description":"PRODUCTION SUR MESURE EN ACIER INOXYDABLE","potentialAction":[{"@type":"SearchAction","target":{"@type":"EntryPoint","urlTemplate":"https:\/\/www.syri-stainless.com\/fr\/?s={search_term_string}"},"query-input":{"@type":"PropertyValueSpecification","valueRequired":true,"valueName":"search_term_string"}}],"inLanguage":"fr-FR"}]}},"_links":{"self":[{"href":"https:\/\/www.syri-stainless.com\/fr\/wp-json\/wp\/v2\/pages\/992","targetHints":{"allow":["GET"]}}],"collection":[{"href":"https:\/\/www.syri-stainless.com\/fr\/wp-json\/wp\/v2\/pages"}],"about":[{"href":"https:\/\/www.syri-stainless.com\/fr\/wp-json\/wp\/v2\/types\/page"}],"author":[{"embeddable":true,"href":"https:\/\/www.syri-stainless.com\/fr\/wp-json\/wp\/v2\/users\/13"}],"replies":[{"embeddable":true,"href":"https:\/\/www.syri-stainless.com\/fr\/wp-json\/wp\/v2\/comments?post=992"}],"version-history":[{"count":46,"href":"https:\/\/www.syri-stainless.com\/fr\/wp-json\/wp\/v2\/pages\/992\/revisions"}],"predecessor-version":[{"id":4515,"href":"https:\/\/www.syri-stainless.com\/fr\/wp-json\/wp\/v2\/pages\/992\/revisions\/4515"}],"wp:attachment":[{"href":"https:\/\/www.syri-stainless.com\/fr\/wp-json\/wp\/v2\/media?parent=992"}],"curies":[{"name":"wp","href":"https:\/\/api.w.org\/{rel}","templated":true}]}}